{"id":87,"date":"2014-10-23T09:24:42","date_gmt":"2014-10-23T09:24:42","guid":{"rendered":"https:\/\/xml-io.proteusthemes.com\/buildpress\/?page_id=87"},"modified":"2022-07-24T06:54:43","modified_gmt":"2022-07-24T06:54:43","slug":"consulting","status":"publish","type":"page","link":"https:\/\/www.mennmost.eu\/de\/our-services\/consulting\/","title":{"rendered":"Beratung"},"content":{"rendered":"<div id=\"pl-87\"  class=\"panel-layout\" ><div id=\"pg-87-0\"  class=\"panel-grid panel-no-style\" ><div id=\"pgc-87-0-0\"  class=\"panel-grid-cell\" ><div id=\"panel-87-0-0-0\" class=\"so-panel widget widget_black-studio-tinymce widget_black_studio_tinymce panel-first-child panel-last-child\" data-index=\"0\" ><div class=\"textwidget\"><p>Der Zweck der Durchf\u00fchrung der technischen Beratung des Investors, d. h. der \u00dcberwachung des Investors, besteht darin, die Umsetzung des Baukonzepts vor und w\u00e4hrend der Ausf\u00fchrung der Arbeiten sicherzustellen und sicherzustellen, dass die Arbeiten gem\u00e4\u00df den geltenden Vorschriften ausgef\u00fchrt werden . Die Organisation der technischen Beratungsdienste h\u00e4ngt von der Art des Bauwerks (Arbeiten), seiner Komplexit\u00e4t und Gr\u00f6\u00dfe ab. Davon abh\u00e4ngig ist die Benennung eines oder mehrerer Verantwortlicher f\u00fcr die Durchf\u00fchrung der Fachberatung. Zur L\u00f6sung bestimmter Probleme k\u00f6nnen bei Bedarf von Zeit zu Zeit spezialisierte Expertinnen und Experten der jeweiligen Berufsgruppen oder spezialisierte Institutionen in die Supervision einbezogen werden.<\/p>\n<p><strong>Bei der fachlichen Beratung von Anlegern nehmen die f\u00fcr die fachliche Beratung von Anlegern zust\u00e4ndigen Personen folgende Aufgaben wahr:<\/strong><\/p>\n<p>\u2022 Organisation der geotechnischen Untersuchung des Gel\u00e4ndes<br \/>\n\u2022 Organisation notwendiger geod\u00e4tischer Arbeiten<br \/>\n\u2022 Organisation von Feldaufnahmen und Infrastrukturpositionen von Installationen vor Ort<br \/>\n\u2022 Organisation und Durchf\u00fchrung von Ausschreibungen und Analyse der eingegangenen Angebote, einschlie\u00dflich des Vorschlags des Auftragnehmers, mit dem er Vertr\u00e4ge nach Bewertung des g\u00fcnstigsten abschlie\u00dfen sollte<br \/>\n\u2022 Erstellung und Vorschlag eines funktionsf\u00e4higen Systems f\u00fcr die Ausf\u00fchrung von Arbeiten gem\u00e4\u00df dem angenommenen Netzplan in \u00dcbereinstimmung mit den Fachdiensten des Investors<br \/>\n\u2022 Ausarbeitung eines Angebots f\u00fcr einen Bauvertrag mit allgemeinen und besonderen Bedingungen<br \/>\n\u2022 Annahme des Betriebsplans als integraler Bestandteil des Bauvertrags<br \/>\n\u2022 die Einarbeitung des Auftragnehmers in die Arbeiten und die Organisation aller Baubeteiligten bei Ausf\u00fchrungsaufgaben<br \/>\n\u2022 Organisation der konzeptionellen Designentwicklung<br \/>\n\u2022 Einholung aller erforderlichen Genehmigungen und Einholung einer Standortgenehmigung<br \/>\n\u2022 Organisation der Vorbereitung des konzeptionellen Projekts, Einholung aller erforderlichen Genehmigungen und Einholung der grundlegenden Baugenehmigung<br \/>\n\u2022 Organisation der Entwicklung des Haupt- und Ausf\u00fchrungsprojekts<br \/>\n\u2022 Einholung aller erforderlichen Genehmigungen und Einholung einer Baugenehmigung<br \/>\n\u2022 Einholung einer Nutzungserlaubnis<br \/>\n\u2022 \u00dcbergabe des Geb\u00e4udes an den Investor<br \/>\n\u2022 \u00dcberwachung der Anlage innerhalb der Gew\u00e4hrleistungsfrist<\/p>\n<\/div><\/div><\/div><div id=\"pgc-87-0-1\"  class=\"panel-grid-cell\" ><div id=\"panel-87-0-1-0\" class=\"so-panel widget widget_black-studio-tinymce widget_black_studio_tinymce panel-first-child panel-last-child\" data-index=\"1\" ><div class=\"textwidget\"><p><img loading=\"lazy\" decoding=\"async\" class=\"alignnone size-medium wp-image-2853\" src=\"https:\/\/www.mennmost.eu\/wp-content\/uploads\/2022\/07\/WhatsApp-Image-2022-07-19-at-08.36.29-2-300x225.jpeg\" alt=\"\" width=\"300\" height=\"225\" srcset=\"https:\/\/www.mennmost.eu\/wp-content\/uploads\/2022\/07\/WhatsApp-Image-2022-07-19-at-08.36.29-2-300x225.jpeg 300w, https:\/\/www.mennmost.eu\/wp-content\/uploads\/2022\/07\/WhatsApp-Image-2022-07-19-at-08.36.29-2-1024x768.jpeg 1024w, https:\/\/www.mennmost.eu\/wp-content\/uploads\/2022\/07\/WhatsApp-Image-2022-07-19-at-08.36.29-2-768x576.jpeg 768w, https:\/\/www.mennmost.eu\/wp-content\/uploads\/2022\/07\/WhatsApp-Image-2022-07-19-at-08.36.29-2-1536x1152.jpeg 1536w, https:\/\/www.mennmost.eu\/wp-content\/uploads\/2022\/07\/WhatsApp-Image-2022-07-19-at-08.36.29-2-555x416.jpeg 555w, https:\/\/www.mennmost.eu\/wp-content\/uploads\/2022\/07\/WhatsApp-Image-2022-07-19-at-08.36.29-2-100x75.jpeg 100w, https:\/\/www.mennmost.eu\/wp-content\/uploads\/2022\/07\/WhatsApp-Image-2022-07-19-at-08.36.29-2-600x450.jpeg 600w, https:\/\/www.mennmost.eu\/wp-content\/uploads\/2022\/07\/WhatsApp-Image-2022-07-19-at-08.36.29-2.jpeg 2000w\" sizes=\"auto, (max-width: 300px) 100vw, 300px\" \/><\/p>\n<p><img loading=\"lazy\" decoding=\"async\" class=\"alignnone size-medium wp-image-2854\" src=\"https:\/\/www.mennmost.eu\/wp-content\/uploads\/2022\/07\/WhatsApp-Image-2022-07-20-at-19.46.22-300x225.jpeg\" alt=\"\" width=\"300\" height=\"225\" srcset=\"https:\/\/www.mennmost.eu\/wp-content\/uploads\/2022\/07\/WhatsApp-Image-2022-07-20-at-19.46.22-300x225.jpeg 300w, https:\/\/www.mennmost.eu\/wp-content\/uploads\/2022\/07\/WhatsApp-Image-2022-07-20-at-19.46.22-1024x768.jpeg 1024w, https:\/\/www.mennmost.eu\/wp-content\/uploads\/2022\/07\/WhatsApp-Image-2022-07-20-at-19.46.22-768x576.jpeg 768w, https:\/\/www.mennmost.eu\/wp-content\/uploads\/2022\/07\/WhatsApp-Image-2022-07-20-at-19.46.22-555x416.jpeg 555w, https:\/\/www.mennmost.eu\/wp-content\/uploads\/2022\/07\/WhatsApp-Image-2022-07-20-at-19.46.22-100x75.jpeg 100w, https:\/\/www.mennmost.eu\/wp-content\/uploads\/2022\/07\/WhatsApp-Image-2022-07-20-at-19.46.22-600x450.jpeg 600w, https:\/\/www.mennmost.eu\/wp-content\/uploads\/2022\/07\/WhatsApp-Image-2022-07-20-at-19.46.22.jpeg 1280w\" sizes=\"auto, (max-width: 300px) 100vw, 300px\" \/><\/p>\n<p><img loading=\"lazy\" decoding=\"async\" class=\"alignnone size-medium wp-image-2967\" src=\"https:\/\/www.mennmost.eu\/wp-content\/uploads\/2022\/07\/WhatsApp-Image-2022-07-19-at-08.36.28-1-300x225.jpeg\" alt=\"\" width=\"300\" height=\"225\" srcset=\"https:\/\/www.mennmost.eu\/wp-content\/uploads\/2022\/07\/WhatsApp-Image-2022-07-19-at-08.36.28-1-300x225.jpeg 300w, https:\/\/www.mennmost.eu\/wp-content\/uploads\/2022\/07\/WhatsApp-Image-2022-07-19-at-08.36.28-1-1024x768.jpeg 1024w, https:\/\/www.mennmost.eu\/wp-content\/uploads\/2022\/07\/WhatsApp-Image-2022-07-19-at-08.36.28-1-768x576.jpeg 768w, https:\/\/www.mennmost.eu\/wp-content\/uploads\/2022\/07\/WhatsApp-Image-2022-07-19-at-08.36.28-1-1536x1152.jpeg 1536w, https:\/\/www.mennmost.eu\/wp-content\/uploads\/2022\/07\/WhatsApp-Image-2022-07-19-at-08.36.28-1-555x416.jpeg 555w, https:\/\/www.mennmost.eu\/wp-content\/uploads\/2022\/07\/WhatsApp-Image-2022-07-19-at-08.36.28-1-100x75.jpeg 100w, https:\/\/www.mennmost.eu\/wp-content\/uploads\/2022\/07\/WhatsApp-Image-2022-07-19-at-08.36.28-1-600x450.jpeg 600w, https:\/\/www.mennmost.eu\/wp-content\/uploads\/2022\/07\/WhatsApp-Image-2022-07-19-at-08.36.28-1.jpeg 2000w\" sizes=\"auto, (max-width: 300px) 100vw, 300px\" \/><\/p>\n<\/div><\/div><\/div><\/div><\/div>","protected":false},"excerpt":{"rendered":"<p>The purpose of carrying out technical consulting for the investor, i.e. supervision for the investor, is to ensure the realization of the construction concept before and during the execution of the works, and to ensure that the works are carried out in accordance with the applicable regulations. <\/p>","protected":false},"author":1,"featured_media":2805,"parent":49,"menu_order":0,"comment_status":"closed","ping_status":"open","template":"","meta":{"_acf_changed":false,"footnotes":""},"class_list":["post-87","page","type-page","status-publish","has-post-thumbnail","hentry"],"acf":[],"_links":{"self":[{"href":"https:\/\/www.mennmost.eu\/de\/wp-json\/wp\/v2\/pages\/87","targetHints":{"allow":["GET"]}}],"collection":[{"href":"https:\/\/www.mennmost.eu\/de\/wp-json\/wp\/v2\/pages"}],"about":[{"href":"https:\/\/www.mennmost.eu\/de\/wp-json\/wp\/v2\/types\/page"}],"author":[{"embeddable":true,"href":"https:\/\/www.mennmost.eu\/de\/wp-json\/wp\/v2\/users\/1"}],"replies":[{"embeddable":true,"href":"https:\/\/www.mennmost.eu\/de\/wp-json\/wp\/v2\/comments?post=87"}],"version-history":[{"count":8,"href":"https:\/\/www.mennmost.eu\/de\/wp-json\/wp\/v2\/pages\/87\/revisions"}],"predecessor-version":[{"id":3034,"href":"https:\/\/www.mennmost.eu\/de\/wp-json\/wp\/v2\/pages\/87\/revisions\/3034"}],"up":[{"embeddable":true,"href":"https:\/\/www.mennmost.eu\/de\/wp-json\/wp\/v2\/pages\/49"}],"wp:featuredmedia":[{"embeddable":true,"href":"https:\/\/www.mennmost.eu\/de\/wp-json\/wp\/v2\/media\/2805"}],"wp:attachment":[{"href":"https:\/\/www.mennmost.eu\/de\/wp-json\/wp\/v2\/media?parent=87"}],"curies":[{"name":"wp","href":"https:\/\/api.w.org\/{rel}","templated":true}]}}