{"id":69,"date":"2014-10-23T09:15:25","date_gmt":"2014-10-23T09:15:25","guid":{"rendered":"https:\/\/xml-io.proteusthemes.com\/buildpress\/?page_id=69"},"modified":"2022-07-23T06:46:51","modified_gmt":"2022-07-23T06:46:51","slug":"design-and-build","status":"publish","type":"page","link":"https:\/\/www.mennmost.eu\/de\/our-services\/design-and-build\/","title":{"rendered":"Designen und Bauen"},"content":{"rendered":"<div id=\"pl-69\"  class=\"panel-layout\" ><div id=\"pg-69-0\"  class=\"panel-grid panel-no-style\" ><div id=\"pgc-69-0-0\"  class=\"panel-grid-cell\" ><div id=\"panel-69-0-0-0\" class=\"so-panel widget widget_black-studio-tinymce widget_black_studio_tinymce panel-first-child panel-last-child\" data-index=\"0\" ><div class=\"textwidget\"><p><img loading=\"lazy\" decoding=\"async\" src=\"https:\/\/www.mennmost.eu\/wp-content\/uploads\/2022\/07\/Plan-300x169.png\" alt=\"\" width=\"300\" height=\"169\" class=\"alignnone size-medium wp-image-2963\" srcset=\"https:\/\/www.mennmost.eu\/wp-content\/uploads\/2022\/07\/Plan-300x169.png 300w, https:\/\/www.mennmost.eu\/wp-content\/uploads\/2022\/07\/Plan-1024x576.png 1024w, https:\/\/www.mennmost.eu\/wp-content\/uploads\/2022\/07\/Plan-768x432.png 768w, https:\/\/www.mennmost.eu\/wp-content\/uploads\/2022\/07\/Plan-848x480.png 848w, https:\/\/www.mennmost.eu\/wp-content\/uploads\/2022\/07\/Plan-360x202.png 360w, https:\/\/www.mennmost.eu\/wp-content\/uploads\/2022\/07\/Plan-555x312.png 555w, https:\/\/www.mennmost.eu\/wp-content\/uploads\/2022\/07\/Plan-600x337.png 600w, https:\/\/www.mennmost.eu\/wp-content\/uploads\/2022\/07\/Plan.png 1366w\" sizes=\"auto, (max-width: 300px) 100vw, 300px\" \/><br \/>\n<img loading=\"lazy\" decoding=\"async\" src=\"https:\/\/www.mennmost.eu\/wp-content\/uploads\/2022\/07\/WhatsApp-Image-2022-07-19-at-08.36.28-2-300x225.jpeg\" alt=\"\" width=\"300\" height=\"225\" class=\"alignnone size-medium wp-image-2809\" srcset=\"https:\/\/www.mennmost.eu\/wp-content\/uploads\/2022\/07\/WhatsApp-Image-2022-07-19-at-08.36.28-2-300x225.jpeg 300w, https:\/\/www.mennmost.eu\/wp-content\/uploads\/2022\/07\/WhatsApp-Image-2022-07-19-at-08.36.28-2-1024x768.jpeg 1024w, https:\/\/www.mennmost.eu\/wp-content\/uploads\/2022\/07\/WhatsApp-Image-2022-07-19-at-08.36.28-2-768x576.jpeg 768w, https:\/\/www.mennmost.eu\/wp-content\/uploads\/2022\/07\/WhatsApp-Image-2022-07-19-at-08.36.28-2-1536x1152.jpeg 1536w, https:\/\/www.mennmost.eu\/wp-content\/uploads\/2022\/07\/WhatsApp-Image-2022-07-19-at-08.36.28-2-555x416.jpeg 555w, https:\/\/www.mennmost.eu\/wp-content\/uploads\/2022\/07\/WhatsApp-Image-2022-07-19-at-08.36.28-2-100x75.jpeg 100w, https:\/\/www.mennmost.eu\/wp-content\/uploads\/2022\/07\/WhatsApp-Image-2022-07-19-at-08.36.28-2-600x450.jpeg 600w, https:\/\/www.mennmost.eu\/wp-content\/uploads\/2022\/07\/WhatsApp-Image-2022-07-19-at-08.36.28-2.jpeg 2000w\" sizes=\"auto, (max-width: 300px) 100vw, 300px\" \/><br \/>\n<img loading=\"lazy\" decoding=\"async\" src=\"https:\/\/www.mennmost.eu\/wp-content\/uploads\/2022\/07\/WhatsApp-Image-2022-07-20-at-19.46.12-1-300x225.jpeg\" alt=\"\" width=\"300\" height=\"225\" class=\"alignnone size-medium wp-image-2965\" srcset=\"https:\/\/www.mennmost.eu\/wp-content\/uploads\/2022\/07\/WhatsApp-Image-2022-07-20-at-19.46.12-1-300x225.jpeg 300w, https:\/\/www.mennmost.eu\/wp-content\/uploads\/2022\/07\/WhatsApp-Image-2022-07-20-at-19.46.12-1-1024x768.jpeg 1024w, https:\/\/www.mennmost.eu\/wp-content\/uploads\/2022\/07\/WhatsApp-Image-2022-07-20-at-19.46.12-1-768x576.jpeg 768w, https:\/\/www.mennmost.eu\/wp-content\/uploads\/2022\/07\/WhatsApp-Image-2022-07-20-at-19.46.12-1-1536x1152.jpeg 1536w, https:\/\/www.mennmost.eu\/wp-content\/uploads\/2022\/07\/WhatsApp-Image-2022-07-20-at-19.46.12-1-555x416.jpeg 555w, https:\/\/www.mennmost.eu\/wp-content\/uploads\/2022\/07\/WhatsApp-Image-2022-07-20-at-19.46.12-1-100x75.jpeg 100w, https:\/\/www.mennmost.eu\/wp-content\/uploads\/2022\/07\/WhatsApp-Image-2022-07-20-at-19.46.12-1-600x450.jpeg 600w, https:\/\/www.mennmost.eu\/wp-content\/uploads\/2022\/07\/WhatsApp-Image-2022-07-20-at-19.46.12-1.jpeg 2048w\" sizes=\"auto, (max-width: 300px) 100vw, 300px\" \/><\/p>\n<\/div><\/div><\/div><div id=\"pgc-69-0-1\"  class=\"panel-grid-cell\" ><div id=\"panel-69-0-1-0\" class=\"so-panel widget widget_black-studio-tinymce widget_black_studio_tinymce panel-first-child panel-last-child\" data-index=\"1\" ><div class=\"textwidget\"><p>Design-build is a type of delivery method for construction projects. Differentiated by how the team is organized and how information flows throughout the project\u2019s stakeholders, design-build is known for its ability to foster collaboration and reduce the risk and burden held by the project\u2019s owner.<\/p>\n<p>Unlike other delivery methods, design-build\u2019s project team structure unites everyone under one shared goal: the success of the project as a whole \u2013 not just their respective portion. Because each firm\u2019s success is measured by how well all the other firms do, design-build fosters a collaborative atmosphere where knowledge and expertise are shared.<\/p>\n<p>The owner typically has one main point of contact who then enters into contracts with the architect, engineers, and other partners on the owner\u2019s behalf. This often translates to shorter schedules and lower project costs.<\/p>\n<p>A recent study by the Construction Industry Institute compared 350 projects with varying project delivery methods. They found that design-build projects were completed more quickly and cost less than the two other leading project delivery methods, design-bid-build and construction manager at risk<a href=\"https:\/\/www.horstconstruction.com\/news-and-blog\/design-build-construction-defined-the-team-process-examples\/#_edn2\" name=\"_ednref2\"><sup>[ii]<\/sup><\/a>.<\/p>\n<p>Because of the increased efficiencies of design-build, the owner can take on fewer duties and less risk. The design-builder will step in for much of the risk management, potential legal burdens, and administrative tasks.<\/p>\n<p>These are tasks that take up valuable time but have little effect on the overall project, like coordination of the project team, paperwork, documentation management for submittals and RFIs, understanding and managing contracts and legalese, and playing the \u201cmiddleman\u201d between parties.<\/p>\n<p>It\u2019s important to note that by shifting these tasks over the design-builder, the owner doesn\u2019t lose power or control over the project. Their time and resources have been freed up to either focus more on the aspects of the project that are most important.<\/p>\n<\/div><\/div><\/div><\/div><\/div>","protected":false},"excerpt":{"rendered":"<p>Design-Build ist eine Art Liefermethode f\u00fcr Bauprojekte. Design-Build unterscheidet sich durch die Organisation des Teams und den Informationsfluss zwischen den Projektbeteiligten und ist bekannt f\u00fcr seine F\u00e4higkeit, die Zusammenarbeit zu f\u00f6rdern und das Risiko und die Belastung des Projektbesitzers zu verringern.<\/p>","protected":false},"author":1,"featured_media":2748,"parent":49,"menu_order":0,"comment_status":"closed","ping_status":"closed","template":"","meta":{"_acf_changed":false,"footnotes":""},"class_list":["post-69","page","type-page","status-publish","has-post-thumbnail","hentry"],"acf":[],"_links":{"self":[{"href":"https:\/\/www.mennmost.eu\/de\/wp-json\/wp\/v2\/pages\/69","targetHints":{"allow":["GET"]}}],"collection":[{"href":"https:\/\/www.mennmost.eu\/de\/wp-json\/wp\/v2\/pages"}],"about":[{"href":"https:\/\/www.mennmost.eu\/de\/wp-json\/wp\/v2\/types\/page"}],"author":[{"embeddable":true,"href":"https:\/\/www.mennmost.eu\/de\/wp-json\/wp\/v2\/users\/1"}],"replies":[{"embeddable":true,"href":"https:\/\/www.mennmost.eu\/de\/wp-json\/wp\/v2\/comments?post=69"}],"version-history":[{"count":11,"href":"https:\/\/www.mennmost.eu\/de\/wp-json\/wp\/v2\/pages\/69\/revisions"}],"predecessor-version":[{"id":2966,"href":"https:\/\/www.mennmost.eu\/de\/wp-json\/wp\/v2\/pages\/69\/revisions\/2966"}],"up":[{"embeddable":true,"href":"https:\/\/www.mennmost.eu\/de\/wp-json\/wp\/v2\/pages\/49"}],"wp:featuredmedia":[{"embeddable":true,"href":"https:\/\/www.mennmost.eu\/de\/wp-json\/wp\/v2\/media\/2748"}],"wp:attachment":[{"href":"https:\/\/www.mennmost.eu\/de\/wp-json\/wp\/v2\/media?parent=69"}],"curies":[{"name":"wp","href":"https:\/\/api.w.org\/{rel}","templated":true}]}}