{"id":52,"date":"2014-10-23T08:41:34","date_gmt":"2014-10-23T08:41:34","guid":{"rendered":"https:\/\/xml-io.proteusthemes.com\/buildpress\/?page_id=52"},"modified":"2022-09-08T07:05:47","modified_gmt":"2022-09-08T07:05:47","slug":"planning-development","status":"publish","type":"page","link":"https:\/\/www.mennmost.eu\/de\/our-services\/planning-development\/","title":{"rendered":"Planung &amp; Entwicklung"},"content":{"rendered":"<div id=\"pl-52\"  class=\"panel-layout\" ><div id=\"pg-52-0\"  class=\"panel-grid panel-no-style\" ><div id=\"pgc-52-0-0\"  class=\"panel-grid-cell\" ><div id=\"panel-52-0-0-0\" class=\"so-panel widget widget_black-studio-tinymce widget_black_studio_tinymce panel-first-child panel-last-child\" data-index=\"0\" ><div class=\"textwidget\"><p>Langj\u00e4hrige Erfahrung in diversen Projekten bei unterschiedlichen Unternehmen. Nach reiflicher \u00dcberlegung fiel die Entscheidung: 25.07.2016 \u2013 Fa.Mennmost GmbH wurde gegr\u00fcndet.<\/p>\n<p>Unser Unternehmen entwickelt sich st\u00e4ndig mit Ehrgeiz, Energie, Entschlossenheit und Kraft. Wir generieren st\u00e4ndig neue Informationen, aktualisieren und erweitern unser Wissensspektrum.<\/p>\n<p>Angefangen mit 6 Mitarbeitern sind wir bereits auf \u00fcber 40 Mitarbeiter angewachsen. Gepaart mit jungen, tatkr\u00e4ftigen und \u00e4lteren, erfahrenen Facharbeitern, unterst\u00fctzt durch das Know-how unseres Technikteams, k\u00f6nnen wir alles rund um den Hochbau f\u00fcr Sie erledigen. F\u00fcr Sie, unseren Kunden, der wichtigste und wichtigste Faktor.<\/p>\n<p>Projekte werden mit modernster Bautechnik erstellt und unter Einhaltung aller Umweltauflagen durchgef\u00fchrt.<\/p>\n<p>Beratung - Planung - Ausf\u00fchrung, alles aus einer Hand.<\/p>\n<p>Wir haben immer noch das altmodische: Ein Mann, ein Wort! Es gibt keine Probleme, die nicht gel\u00f6st werden k\u00f6nnen, und wir tun es gerne.<\/p>\n<\/div><\/div><\/div><div id=\"pgc-52-0-1\"  class=\"panel-grid-cell\" ><div id=\"panel-52-0-1-0\" class=\"so-panel widget widget_black-studio-tinymce widget_black_studio_tinymce panel-first-child panel-last-child\" data-index=\"1\" ><div class=\"textwidget\"><p><img loading=\"lazy\" decoding=\"async\" class=\"alignnone wp-image-2934 size-medium\" src=\"https:\/\/www.mennmost.eu\/wp-content\/uploads\/2014\/10\/WhatsApp-Image-2022-07-19-at-08.36.29-2-300x225.jpeg\" alt=\"\" width=\"300\" height=\"225\" srcset=\"https:\/\/www.mennmost.eu\/wp-content\/uploads\/2014\/10\/WhatsApp-Image-2022-07-19-at-08.36.29-2-300x225.jpeg 300w, https:\/\/www.mennmost.eu\/wp-content\/uploads\/2014\/10\/WhatsApp-Image-2022-07-19-at-08.36.29-2-1024x768.jpeg 1024w, https:\/\/www.mennmost.eu\/wp-content\/uploads\/2014\/10\/WhatsApp-Image-2022-07-19-at-08.36.29-2-768x576.jpeg 768w, https:\/\/www.mennmost.eu\/wp-content\/uploads\/2014\/10\/WhatsApp-Image-2022-07-19-at-08.36.29-2-1536x1152.jpeg 1536w, https:\/\/www.mennmost.eu\/wp-content\/uploads\/2014\/10\/WhatsApp-Image-2022-07-19-at-08.36.29-2-555x416.jpeg 555w, https:\/\/www.mennmost.eu\/wp-content\/uploads\/2014\/10\/WhatsApp-Image-2022-07-19-at-08.36.29-2-100x75.jpeg 100w, https:\/\/www.mennmost.eu\/wp-content\/uploads\/2014\/10\/WhatsApp-Image-2022-07-19-at-08.36.29-2-600x450.jpeg 600w, https:\/\/www.mennmost.eu\/wp-content\/uploads\/2014\/10\/WhatsApp-Image-2022-07-19-at-08.36.29-2.jpeg 2000w\" sizes=\"auto, (max-width: 300px) 100vw, 300px\" \/><\/p>\n<p><img loading=\"lazy\" decoding=\"async\" class=\"alignnone size-medium wp-image-2860\" src=\"https:\/\/www.mennmost.eu\/wp-content\/uploads\/2022\/07\/WhatsApp-Image-2022-07-19-at-08.36.28-3-300x225.jpeg\" alt=\"\" width=\"300\" height=\"225\" srcset=\"https:\/\/www.mennmost.eu\/wp-content\/uploads\/2022\/07\/WhatsApp-Image-2022-07-19-at-08.36.28-3-300x225.jpeg 300w, https:\/\/www.mennmost.eu\/wp-content\/uploads\/2022\/07\/WhatsApp-Image-2022-07-19-at-08.36.28-3-1024x768.jpeg 1024w, https:\/\/www.mennmost.eu\/wp-content\/uploads\/2022\/07\/WhatsApp-Image-2022-07-19-at-08.36.28-3-768x576.jpeg 768w, https:\/\/www.mennmost.eu\/wp-content\/uploads\/2022\/07\/WhatsApp-Image-2022-07-19-at-08.36.28-3-1536x1152.jpeg 1536w, https:\/\/www.mennmost.eu\/wp-content\/uploads\/2022\/07\/WhatsApp-Image-2022-07-19-at-08.36.28-3-555x416.jpeg 555w, https:\/\/www.mennmost.eu\/wp-content\/uploads\/2022\/07\/WhatsApp-Image-2022-07-19-at-08.36.28-3-100x75.jpeg 100w, https:\/\/www.mennmost.eu\/wp-content\/uploads\/2022\/07\/WhatsApp-Image-2022-07-19-at-08.36.28-3-600x450.jpeg 600w, https:\/\/www.mennmost.eu\/wp-content\/uploads\/2022\/07\/WhatsApp-Image-2022-07-19-at-08.36.28-3.jpeg 2000w\" sizes=\"auto, (max-width: 300px) 100vw, 300px\" \/><\/p>\n<\/div><\/div><\/div><\/div><\/div>","protected":false},"excerpt":{"rendered":"<p>Langj\u00e4hrige Erfahrung in diversen Projekten bei unterschiedlichen Unternehmen. Nach reiflicher \u00dcberlegung fiel die Entscheidung: 25.07.2016 \u2013 Fa.Mennmost GmbH wurde gegr\u00fcndet.<\/p>","protected":false},"author":1,"featured_media":2746,"parent":49,"menu_order":0,"comment_status":"closed","ping_status":"open","template":"","meta":{"_acf_changed":false,"footnotes":""},"class_list":["post-52","page","type-page","status-publish","has-post-thumbnail","hentry"],"acf":[],"_links":{"self":[{"href":"https:\/\/www.mennmost.eu\/de\/wp-json\/wp\/v2\/pages\/52","targetHints":{"allow":["GET"]}}],"collection":[{"href":"https:\/\/www.mennmost.eu\/de\/wp-json\/wp\/v2\/pages"}],"about":[{"href":"https:\/\/www.mennmost.eu\/de\/wp-json\/wp\/v2\/types\/page"}],"author":[{"embeddable":true,"href":"https:\/\/www.mennmost.eu\/de\/wp-json\/wp\/v2\/users\/1"}],"replies":[{"embeddable":true,"href":"https:\/\/www.mennmost.eu\/de\/wp-json\/wp\/v2\/comments?post=52"}],"version-history":[{"count":6,"href":"https:\/\/www.mennmost.eu\/de\/wp-json\/wp\/v2\/pages\/52\/revisions"}],"predecessor-version":[{"id":3176,"href":"https:\/\/www.mennmost.eu\/de\/wp-json\/wp\/v2\/pages\/52\/revisions\/3176"}],"up":[{"embeddable":true,"href":"https:\/\/www.mennmost.eu\/de\/wp-json\/wp\/v2\/pages\/49"}],"wp:featuredmedia":[{"embeddable":true,"href":"https:\/\/www.mennmost.eu\/de\/wp-json\/wp\/v2\/media\/2746"}],"wp:attachment":[{"href":"https:\/\/www.mennmost.eu\/de\/wp-json\/wp\/v2\/media?parent=52"}],"curies":[{"name":"wp","href":"https:\/\/api.w.org\/{rel}","templated":true}]}}