{"id":49,"date":"2014-10-23T08:32:31","date_gmt":"2014-10-23T08:32:31","guid":{"rendered":"https:\/\/xml-io.proteusthemes.com\/buildpress\/?page_id=49"},"modified":"2014-10-23T08:32:31","modified_gmt":"2014-10-23T08:32:31","slug":"our-services","status":"publish","type":"page","link":"https:\/\/www.mennmost.eu\/de\/our-services\/","title":{"rendered":"Unsere Leistungen"},"content":{"rendered":"<div id=\"pl-49\"  class=\"panel-layout\" ><div id=\"pg-49-0\"  class=\"panel-grid panel-no-style\" ><div id=\"pgc-49-0-0\"  class=\"panel-grid-cell\" ><div id=\"panel-49-0-0-0\" class=\"so-panel widget widget_pt_featured_page widget-featured-page panel-first-child panel-last-child\" data-index=\"0\" >\t\t\t\t<div class=\"page-box page-box--block post-49 page type-page status-publish hentry\">\n\t\t\t\t\t\t\t\t\t\t\t\t\t\t\t<a class=\"page-box__picture\" href=\"https:\/\/www.mennmost.eu\/de\/our-services\/design-and-build\/\"><img loading=\"lazy\" decoding=\"async\" src=\"https:\/\/www.mennmost.eu\/wp-content\/uploads\/2022\/07\/john-fornander-tVzyDSV84w8-unsplash-360x202.jpg\" width=\"360\" height=\"202\" srcset=\"https:\/\/www.mennmost.eu\/wp-content\/uploads\/2022\/07\/john-fornander-tVzyDSV84w8-unsplash-360x202.jpg 360w, https:\/\/www.mennmost.eu\/wp-content\/uploads\/2022\/07\/john-fornander-tVzyDSV84w8-unsplash-scaled.jpg 2560w\" sizes=\"auto, (min-width: 992px) 360px, calc(100vw - 30px)\" class=\"wp-post-image\" alt=\"Design and Build\"><\/a>\n\t\t\t\t\t\t\t\t\t\t\t\t\t\t<div class=\"page-box__content\">\n\t\t\t\t\t\t<h5 class=\"page-box__title  text-uppercase\"><a href=\"https:\/\/www.mennmost.eu\/de\/our-services\/design-and-build\/\">Designen und Bauen<\/a><\/h5>\n\t\t\t\t\t\t<p>Design-Build ist eine Art Liefermethode f\u00fcr Bauprojekte. Design-Build unterscheidet sich durch die Organisation des Teams und den Informationsfluss zwischen den Projektbeteiligten und ist bekannt f\u00fcr seine F\u00e4higkeit, die Zusammenarbeit zu f\u00f6rdern \u2026<\/p>\n\t\t\t\t\t\t\t\t\t\t\t\t\t<p><a href=\"https:\/\/www.mennmost.eu\/de\/our-services\/design-and-build\/\" class=\"read-more  read-more--page-box\">Mehr lesen<\/a><\/p>\n\t\t\t\t\t\t\t\t\t\t\t<\/div>\n\t\t\t\t<\/div>\n\n\t\t\t<\/div><\/div><div id=\"pgc-49-0-1\"  class=\"panel-grid-cell\" ><div id=\"panel-49-0-1-0\" class=\"so-panel widget widget_pt_featured_page widget-featured-page panel-first-child panel-last-child\" data-index=\"1\" >\t\t\t\t<div class=\"page-box page-box--block post-49 page type-page status-publish hentry\">\n\t\t\t\t\t\t\t\t\t\t\t\t\t\t\t<a class=\"page-box__picture\" href=\"https:\/\/www.mennmost.eu\/de\/our-services\/build-individually-tailor-made\/\"><img loading=\"lazy\" decoding=\"async\" src=\"https:\/\/www.mennmost.eu\/wp-content\/uploads\/2022\/07\/home-gc1043db14_1920-360x202.jpg\" width=\"360\" height=\"202\" srcset=\"https:\/\/www.mennmost.eu\/wp-content\/uploads\/2022\/07\/home-gc1043db14_1920-360x202.jpg 360w, https:\/\/www.mennmost.eu\/wp-content\/uploads\/2022\/07\/home-gc1043db14_1920.jpg 1920w\" sizes=\"auto, (min-width: 992px) 360px, calc(100vw - 30px)\" class=\"wp-post-image\" alt=\"Build individually &amp; tailor-made\"><\/a>\n\t\t\t\t\t\t\t\t\t\t\t\t\t\t<div class=\"page-box__content\">\n\t\t\t\t\t\t<h5 class=\"page-box__title  text-uppercase\"><a href=\"https:\/\/www.mennmost.eu\/de\/our-services\/build-individually-tailor-made\/\">Individuell &amp; ma\u00dfgeschneidert bauen<\/a><\/h5>\n\t\t\t\t\t\t<p>Durch unsere langj\u00e4hrige Erfahrung bei den unterschiedlichsten Projekten sind wir seit 2016 der perfekte Partner f\u00fcr Ihr Bauvorhaben. Unsere geschulten Mitarbeiter und unser geballtes Know-how setzen alles daran, Ihren Auftrag zu 100 % umzusetzen \u2026<\/p>\n\t\t\t\t\t\t\t\t\t\t\t\t\t<p><a href=\"https:\/\/www.mennmost.eu\/de\/our-services\/build-individually-tailor-made\/\" class=\"read-more  read-more--page-box\">Mehr lesen<\/a><\/p>\n\t\t\t\t\t\t\t\t\t\t\t<\/div>\n\t\t\t\t<\/div>\n\n\t\t\t<\/div><\/div><div id=\"pgc-49-0-2\"  class=\"panel-grid-cell\" ><div id=\"panel-49-0-2-0\" class=\"so-panel widget widget_pt_featured_page widget-featured-page panel-first-child panel-last-child\" data-index=\"2\" >\t\t\t\t<div class=\"page-box page-box--block post-49 page type-page status-publish hentry\">\n\t\t\t\t\t\t\t\t\t\t\t\t\t\t\t<a class=\"page-box__picture\" href=\"https:\/\/www.mennmost.eu\/de\/our-services\/planning-development\/\"><img loading=\"lazy\" decoding=\"async\" src=\"https:\/\/www.mennmost.eu\/wp-content\/uploads\/2022\/07\/webaliser-_TPTXZd9mOo-unsplash-360x202.jpg\" width=\"360\" height=\"202\" srcset=\"https:\/\/www.mennmost.eu\/wp-content\/uploads\/2022\/07\/webaliser-_TPTXZd9mOo-unsplash-360x202.jpg 360w, https:\/\/www.mennmost.eu\/wp-content\/uploads\/2022\/07\/webaliser-_TPTXZd9mOo-unsplash-scaled.jpg 2560w\" sizes=\"auto, (min-width: 992px) 360px, calc(100vw - 30px)\" class=\"wp-post-image\" alt=\"Planning &amp; Development\"><\/a>\n\t\t\t\t\t\t\t\t\t\t\t\t\t\t<div class=\"page-box__content\">\n\t\t\t\t\t\t<h5 class=\"page-box__title  text-uppercase\"><a href=\"https:\/\/www.mennmost.eu\/de\/our-services\/planning-development\/\">Planung &amp; Entwicklung<\/a><\/h5>\n\t\t\t\t\t\t<p>Langj\u00e4hrige Erfahrung in diversen Projekten bei unterschiedlichen Unternehmen. Nach reiflicher \u00dcberlegung fiel die Entscheidung: 25.07.2016 \u2013 Fa.Mennmost GmbH wurde gegr\u00fcndet. <\/p>\n\t\t\t\t\t\t\t\t\t\t\t\t\t<p><a href=\"https:\/\/www.mennmost.eu\/de\/our-services\/planning-development\/\" class=\"read-more  read-more--page-box\">Mehr lesen<\/a><\/p>\n\t\t\t\t\t\t\t\t\t\t\t<\/div>\n\t\t\t\t<\/div>\n\n\t\t\t<\/div><\/div><\/div><div id=\"pg-49-1\"  class=\"panel-grid panel-no-style\" ><div id=\"pgc-49-1-0\"  class=\"panel-grid-cell\" ><div id=\"panel-49-1-0-0\" class=\"so-panel widget widget_pt_featured_page widget-featured-page panel-first-child panel-last-child\" data-index=\"3\" >\t\t\t\t<div class=\"page-box page-box--block post-49 page type-page status-publish hentry\">\n\t\t\t\t\t\t\t\t\t\t\t\t\t\t\t<a class=\"page-box__picture\" href=\"https:\/\/www.mennmost.eu\/de\/our-services\/architect-and-structural-engineer-services\/\"><img loading=\"lazy\" decoding=\"async\" src=\"https:\/\/www.mennmost.eu\/wp-content\/uploads\/2022\/07\/WhatsApp-Image-2022-07-19-at-08.36.28-2-360x202.jpeg\" width=\"360\" height=\"202\" srcset=\"https:\/\/www.mennmost.eu\/wp-content\/uploads\/2022\/07\/WhatsApp-Image-2022-07-19-at-08.36.28-2-360x202.jpeg 360w, https:\/\/www.mennmost.eu\/wp-content\/uploads\/2022\/07\/WhatsApp-Image-2022-07-19-at-08.36.28-2.jpeg 2000w\" sizes=\"auto, (min-width: 992px) 360px, calc(100vw - 30px)\" class=\"wp-post-image\" alt=\"Architect and structural engineer services\"><\/a>\n\t\t\t\t\t\t\t\t\t\t\t\t\t\t<div class=\"page-box__content\">\n\t\t\t\t\t\t<h5 class=\"page-box__title  text-uppercase\"><a href=\"https:\/\/www.mennmost.eu\/de\/our-services\/architect-and-structural-engineer-services\/\">Dienstleistungen von Architekten und Bauingenieuren<\/a><\/h5>\n\t\t\t\t\t\t<p>Mennmost bietet integrierte interne Tragwerksplanungsdienste, die unseren Design- und Lieferprozess verbessern. <\/p>\n\t\t\t\t\t\t\t\t\t\t\t\t\t<p><a href=\"https:\/\/www.mennmost.eu\/de\/our-services\/architect-and-structural-engineer-services\/\" class=\"read-more  read-more--page-box\">Mehr lesen<\/a><\/p>\n\t\t\t\t\t\t\t\t\t\t\t<\/div>\n\t\t\t\t<\/div>\n\n\t\t\t<\/div><\/div><div id=\"pgc-49-1-1\"  class=\"panel-grid-cell\" ><div id=\"panel-49-1-1-0\" class=\"so-panel widget widget_pt_featured_page widget-featured-page panel-first-child panel-last-child\" data-index=\"4\" >\t\t\t\t<div class=\"page-box page-box--block post-49 page type-page status-publish hentry\">\n\t\t\t\t\t\t\t\t\t\t\t\t\t\t\t<a class=\"page-box__picture\" href=\"https:\/\/www.mennmost.eu\/de\/our-services\/consulting\/\"><img loading=\"lazy\" decoding=\"async\" src=\"https:\/\/www.mennmost.eu\/wp-content\/uploads\/2022\/07\/WhatsApp-Image-2022-07-19-at-08.36.29-360x202.jpeg\" width=\"360\" height=\"202\" srcset=\"https:\/\/www.mennmost.eu\/wp-content\/uploads\/2022\/07\/WhatsApp-Image-2022-07-19-at-08.36.29-360x202.jpeg 360w, https:\/\/www.mennmost.eu\/wp-content\/uploads\/2022\/07\/WhatsApp-Image-2022-07-19-at-08.36.29.jpeg 2000w\" sizes=\"auto, (min-width: 992px) 360px, calc(100vw - 30px)\" class=\"wp-post-image\" alt=\"Consulting\"><\/a>\n\t\t\t\t\t\t\t\t\t\t\t\t\t\t<div class=\"page-box__content\">\n\t\t\t\t\t\t<h5 class=\"page-box__title  text-uppercase\"><a href=\"https:\/\/www.mennmost.eu\/de\/our-services\/consulting\/\">Beratung<\/a><\/h5>\n\t\t\t\t\t\t<p>Der Zweck der Durchf\u00fchrung der technischen Beratung des Investors, d. h. der \u00dcberwachung des Investors, besteht darin, die Umsetzung des Baukonzepts vor und w\u00e4hrend der Ausf\u00fchrung der Arbeiten sicherzustellen und sicherzustellen, dass die Arbeiten durchgef\u00fchrt werden \u2026<\/p>\n\t\t\t\t\t\t\t\t\t\t\t\t\t<p><a href=\"https:\/\/www.mennmost.eu\/de\/our-services\/consulting\/\" class=\"read-more  read-more--page-box\">Mehr lesen<\/a><\/p>\n\t\t\t\t\t\t\t\t\t\t\t<\/div>\n\t\t\t\t<\/div>\n\n\t\t\t<\/div><\/div><div id=\"pgc-49-1-2\"  class=\"panel-grid-cell\" ><div id=\"panel-49-1-2-0\" class=\"so-panel widget widget_pt_featured_page widget-featured-page panel-first-child panel-last-child\" data-index=\"5\" >\t\t\t\t<div class=\"page-box page-box--block post-49 page type-page status-publish hentry\">\n\t\t\t\t\t\t\t\t\t\t\t\t\t\t\t<a class=\"page-box__picture\" href=\"https:\/\/www.mennmost.eu\/de\/our-services\/turnkey-build-effectively\/\"><img loading=\"lazy\" decoding=\"async\" src=\"https:\/\/www.mennmost.eu\/wp-content\/uploads\/2022\/07\/WhatsApp-Image-2022-07-19-at-08.36.15-2-360x202.jpeg\" width=\"360\" height=\"202\" srcset=\"https:\/\/www.mennmost.eu\/wp-content\/uploads\/2022\/07\/WhatsApp-Image-2022-07-19-at-08.36.15-2-360x202.jpeg 360w, https:\/\/www.mennmost.eu\/wp-content\/uploads\/2022\/07\/WhatsApp-Image-2022-07-19-at-08.36.15-2.jpeg 1536w\" sizes=\"auto, (min-width: 992px) 360px, calc(100vw - 30px)\" class=\"wp-post-image\" alt=\"Turnkey &amp; build effectively\"><\/a>\n\t\t\t\t\t\t\t\t\t\t\t\t\t\t<div class=\"page-box__content\">\n\t\t\t\t\t\t<h5 class=\"page-box__title  text-uppercase\"><a href=\"https:\/\/www.mennmost.eu\/de\/our-services\/turnkey-build-effectively\/\">Schl\u00fcsselfertig &amp; effektiv bauen<\/a><\/h5>\n\t\t\t\t\t\t<p>Bei der Planung eines Innenarchitekturprojekts arbeiten Unternehmen normalerweise mit einer Designfirma zusammen, deren Vorschlag ausgeschrieben und dann an eine bestimmte Baufirma vergeben wird. W\u00e4hrend dieses traditionelle Modell in der Vergangenheit funktioniert hat, ist der Prozess der \u2026<\/p>\n\t\t\t\t\t\t\t\t\t\t\t\t\t<p><a href=\"https:\/\/www.mennmost.eu\/de\/our-services\/turnkey-build-effectively\/\" class=\"read-more  read-more--page-box\">Mehr lesen<\/a><\/p>\n\t\t\t\t\t\t\t\t\t\t\t<\/div>\n\t\t\t\t<\/div>\n\n\t\t\t<\/div><\/div><\/div><\/div>","protected":false},"excerpt":{"rendered":"<p>Design and Build Design-build is a type of delivery method for construction projects. Differentiated by how the team is organized and how information flows throughout the project\u2019s stakeholders, design-build is known for its ability to foster collaboration &hellip; Mehr lesen Build individually &#038; tailor-made Thanks to our many years of experience on a wide variety &hellip;<\/p>","protected":false},"author":1,"featured_media":0,"parent":0,"menu_order":0,"comment_status":"closed","ping_status":"open","template":"","meta":{"_acf_changed":false,"footnotes":""},"class_list":["post-49","page","type-page","status-publish","hentry"],"acf":[],"_links":{"self":[{"href":"https:\/\/www.mennmost.eu\/de\/wp-json\/wp\/v2\/pages\/49","targetHints":{"allow":["GET"]}}],"collection":[{"href":"https:\/\/www.mennmost.eu\/de\/wp-json\/wp\/v2\/pages"}],"about":[{"href":"https:\/\/www.mennmost.eu\/de\/wp-json\/wp\/v2\/types\/page"}],"author":[{"embeddable":true,"href":"https:\/\/www.mennmost.eu\/de\/wp-json\/wp\/v2\/users\/1"}],"replies":[{"embeddable":true,"href":"https:\/\/www.mennmost.eu\/de\/wp-json\/wp\/v2\/comments?post=49"}],"version-history":[{"count":0,"href":"https:\/\/www.mennmost.eu\/de\/wp-json\/wp\/v2\/pages\/49\/revisions"}],"wp:attachment":[{"href":"https:\/\/www.mennmost.eu\/de\/wp-json\/wp\/v2\/media?parent=49"}],"curies":[{"name":"wp","href":"https:\/\/api.w.org\/{rel}","templated":true}]}}