{"id":171,"date":"2014-10-24T11:30:58","date_gmt":"2014-10-24T11:30:58","guid":{"rendered":"https:\/\/xml-io.proteusthemes.com\/buildpress\/?page_id=171"},"modified":"2022-07-25T17:12:53","modified_gmt":"2022-07-25T17:12:53","slug":"about-us","status":"publish","type":"page","link":"https:\/\/www.mennmost.eu\/de\/about-us\/","title":{"rendered":"\u00dcber uns"},"content":{"rendered":"<div id=\"pl-171\"  class=\"panel-layout\" ><div id=\"pg-171-0\"  class=\"panel-grid panel-no-style\" ><div id=\"pgc-171-0-0\"  class=\"panel-grid-cell\" ><div id=\"panel-171-0-0-0\" class=\"so-panel widget widget_black-studio-tinymce widget_black_studio_tinymce panel-first-child panel-last-child\" data-index=\"0\" ><div class=\"textwidget\"><p><strong>Jahrelange Erfahrung - gesammelt in diversen Projekten bei unterschiedlichen Unternehmen.<\/strong><\/p>\n<p>Men n Most = Man und die Br\u00fccke bezogen auf den Gr\u00fcnder und das Unesko-gesch\u00fctzte weltber\u00fchmte einzigartige architektonische Kunstwerk  Alte Br\u00fccke in der Stadt Mostar. So ist der Name der Firma entstanden mit dem Ziel, so wie die Br\u00fccke eines Tages bekannt zur werden. Mit unseren Farben und Logos zeigen wir, wof\u00fcr wir stehen: Chapter Ingolstadt it\u2019s beginning. Indianer zeigen keine Angst vor H\u00f6hen und wir wollen hoch hinaus .<\/p>\n<p>Langj\u00e4hrige Erfahrung in diversen Projekten bei unterschiedlichen Unternehmen. Nach reiflicher \u00dcberlegung fiel die Entscheidung: 25.07.2016 \u2013 Fa.Mennmost GmbH wurde gegr\u00fcndet.<\/p>\n<p>Unser Unternehmen entwickelt sich st\u00e4ndig mit Ehrgeiz, Energie, Entschlossenheit und Kraft. Wir generieren st\u00e4ndig neue Informationen, aktualisieren und erweitern unser Wissensspektrum.<\/p>\n<p>Angefangen mit 6 Mitarbeitern sind wir bereits auf \u00fcber 40 Mitarbeiter angewachsen. Gepaart mit jungen, tatkr\u00e4ftigen und \u00e4lteren, erfahrenen Facharbeitern, unterst\u00fctzt durch das Know-how unseres Technikteams, k\u00f6nnen wir alles rund um den Hochbau f\u00fcr Sie erledigen. F\u00fcr Sie, unseren Kunden, der wichtigste und wichtigste Faktor.<\/p>\n<p>Projekte werden mit modernster Bautechnik erstellt und unter Einhaltung aller Umweltauflagen durchgef\u00fchrt.<\/p>\n<p>Beratung - Planung - Ausf\u00fchrung, alles aus einer Hand.<\/p>\n<p>Wir haben immer noch das altmodische: Ein Mann, ein Wort! Es gibt keine Probleme, die nicht gel\u00f6st werden k\u00f6nnen, und wir tun es gerne.<\/p>\n<p>&nbsp;<\/p>\n<p>Jeder Kunde ist herzlich willkommen, wir wollen ihn ein Leben lang als zufriedenen Kunden in unserem Mennmost Chapter haben und nat\u00fcrlich als Freunde behalten.<\/p>\n<p>Mennmost Chapter Ingolstadt w\u00e4chst mit und durch Sie weiter.<\/p>\n<h3 class=\"alternative-heading\">KEEP CALM, WORK HARD AND PLAY SMART!<\/h3>\n<\/div><\/div><\/div><div id=\"pgc-171-0-1\"  class=\"panel-grid-cell\" ><div id=\"panel-171-0-1-0\" class=\"so-panel widget widget_black-studio-tinymce widget_black_studio_tinymce panel-first-child panel-last-child\" data-index=\"1\" ><div class=\"textwidget\"><p><img loading=\"lazy\" decoding=\"async\" class=\"alignright wp-image-2800 size-full\" src=\"https:\/\/www.mennmost.eu\/wp-content\/uploads\/2022\/07\/WhatsApp-Image-2022-07-19-at-08.36.30.jpeg\" alt=\"\" width=\"960\" height=\"1280\" \/><\/p>\n<\/div><\/div><\/div><\/div><div id=\"pg-171-1\"  class=\"panel-grid panel-no-style\" ><div id=\"pgc-171-1-0\"  class=\"panel-grid-cell\" ><div id=\"panel-171-1-0-0\" class=\"so-panel widget widget_black-studio-tinymce widget_black_studio_tinymce panel-first-child panel-last-child\" data-index=\"2\" ><div class=\"textwidget\"><h4><img loading=\"lazy\" decoding=\"async\" class=\"alignleft wp-image-2891 size-medium\" src=\"https:\/\/www.mennmost.eu\/wp-content\/uploads\/2022\/07\/WhatsApp-Image-2022-07-19-at-08.36.15-8-212x300.jpeg\" alt=\"\" width=\"212\" height=\"300\" srcset=\"https:\/\/www.mennmost.eu\/wp-content\/uploads\/2022\/07\/WhatsApp-Image-2022-07-19-at-08.36.15-8-212x300.jpeg 212w, https:\/\/www.mennmost.eu\/wp-content\/uploads\/2022\/07\/WhatsApp-Image-2022-07-19-at-08.36.15-8-724x1024.jpeg 724w, https:\/\/www.mennmost.eu\/wp-content\/uploads\/2022\/07\/WhatsApp-Image-2022-07-19-at-08.36.15-8-768x1086.jpeg 768w, https:\/\/www.mennmost.eu\/wp-content\/uploads\/2022\/07\/WhatsApp-Image-2022-07-19-at-08.36.15-8-1086x1536.jpeg 1086w, https:\/\/www.mennmost.eu\/wp-content\/uploads\/2022\/07\/WhatsApp-Image-2022-07-19-at-08.36.15-8-392x555.jpeg 392w, https:\/\/www.mennmost.eu\/wp-content\/uploads\/2022\/07\/WhatsApp-Image-2022-07-19-at-08.36.15-8-600x849.jpeg 600w, https:\/\/www.mennmost.eu\/wp-content\/uploads\/2022\/07\/WhatsApp-Image-2022-07-19-at-08.36.15-8.jpeg 1131w\" sizes=\"auto, (max-width: 212px) 100vw, 212px\" \/><\/h4>\n<h5>UNSERE WURZELN<\/h5>\n<p><em>Alte Br\u00fccke in Mostar<\/em><\/p>\n<p>Unsere st\u00e4ndige Inspiration.<\/p>\n<\/div><\/div><\/div><div id=\"pgc-171-1-1\"  class=\"panel-grid-cell\" ><div id=\"panel-171-1-1-0\" class=\"so-panel widget widget_black-studio-tinymce widget_black_studio_tinymce panel-first-child panel-last-child\" data-index=\"3\" ><div class=\"textwidget\"><h4><img loading=\"lazy\" decoding=\"async\" class=\"alignleft wp-image-2892 size-medium\" src=\"https:\/\/www.mennmost.eu\/wp-content\/uploads\/2022\/07\/WhatsApp-Image-2022-07-19-at-08.36.29-8-240x300.jpeg\" alt=\"\" width=\"240\" height=\"300\" srcset=\"https:\/\/www.mennmost.eu\/wp-content\/uploads\/2022\/07\/WhatsApp-Image-2022-07-19-at-08.36.29-8-240x300.jpeg 240w, https:\/\/www.mennmost.eu\/wp-content\/uploads\/2022\/07\/WhatsApp-Image-2022-07-19-at-08.36.29-8-819x1024.jpeg 819w, https:\/\/www.mennmost.eu\/wp-content\/uploads\/2022\/07\/WhatsApp-Image-2022-07-19-at-08.36.29-8-768x960.jpeg 768w, https:\/\/www.mennmost.eu\/wp-content\/uploads\/2022\/07\/WhatsApp-Image-2022-07-19-at-08.36.29-8-1229x1536.jpeg 1229w, https:\/\/www.mennmost.eu\/wp-content\/uploads\/2022\/07\/WhatsApp-Image-2022-07-19-at-08.36.29-8-444x555.jpeg 444w, https:\/\/www.mennmost.eu\/wp-content\/uploads\/2022\/07\/WhatsApp-Image-2022-07-19-at-08.36.29-8-600x750.jpeg 600w, https:\/\/www.mennmost.eu\/wp-content\/uploads\/2022\/07\/WhatsApp-Image-2022-07-19-at-08.36.29-8.jpeg 1440w\" sizes=\"auto, (max-width: 240px) 100vw, 240px\" \/><\/h4>\n<h5>UNSER TEAM<\/h5>\n<p>Grundsteinlegung f\u00fcr ein neues Geb\u00e4ude<\/p>\n<p>Harte Arbeit, die wir mit Freude machen.<\/p>\n<\/div><\/div><\/div><div id=\"pgc-171-1-2\"  class=\"panel-grid-cell\" ><div id=\"panel-171-1-2-0\" class=\"so-panel widget widget_black-studio-tinymce widget_black_studio_tinymce panel-first-child panel-last-child\" data-index=\"4\" ><div class=\"textwidget\"><h4><img loading=\"lazy\" decoding=\"async\" class=\"alignleft wp-image-2893 size-medium\" src=\"https:\/\/www.mennmost.eu\/wp-content\/uploads\/2022\/07\/WhatsApp-Image-2022-07-19-at-08.36.30-3-271x300.jpeg\" alt=\"\" width=\"271\" height=\"300\" srcset=\"https:\/\/www.mennmost.eu\/wp-content\/uploads\/2022\/07\/WhatsApp-Image-2022-07-19-at-08.36.30-3-271x300.jpeg 271w, https:\/\/www.mennmost.eu\/wp-content\/uploads\/2022\/07\/WhatsApp-Image-2022-07-19-at-08.36.30-3-924x1024.jpeg 924w, https:\/\/www.mennmost.eu\/wp-content\/uploads\/2022\/07\/WhatsApp-Image-2022-07-19-at-08.36.30-3-768x851.jpeg 768w, https:\/\/www.mennmost.eu\/wp-content\/uploads\/2022\/07\/WhatsApp-Image-2022-07-19-at-08.36.30-3-1387x1536.jpeg 1387w, https:\/\/www.mennmost.eu\/wp-content\/uploads\/2022\/07\/WhatsApp-Image-2022-07-19-at-08.36.30-3-501x555.jpeg 501w, https:\/\/www.mennmost.eu\/wp-content\/uploads\/2022\/07\/WhatsApp-Image-2022-07-19-at-08.36.30-3-600x665.jpeg 600w, https:\/\/www.mennmost.eu\/wp-content\/uploads\/2022\/07\/WhatsApp-Image-2022-07-19-at-08.36.30-3.jpeg 1476w\" sizes=\"auto, (max-width: 271px) 100vw, 271px\" \/><\/h4>\n<h5>DRESSCODE - ROT<\/h5>\n<p><em>Mennmost GmbH<\/em><\/p>\n<p>Rot ist die Farbe der Leidenschaft, deshalb haben wir sie f\u00fcr unsere Schutzfarben gew\u00e4hlt. Alles, was wir tun, tun wir mit Hingabe und Leidenschaft.<\/p>\n<\/div><\/div><\/div><div id=\"pgc-171-1-3\"  class=\"panel-grid-cell\" ><div id=\"panel-171-1-3-0\" class=\"so-panel widget widget_black-studio-tinymce widget_black_studio_tinymce panel-first-child panel-last-child\" data-index=\"5\" ><div class=\"textwidget\"><h4><img loading=\"lazy\" decoding=\"async\" class=\"alignleft wp-image-3030 size-medium\" src=\"https:\/\/www.mennmost.eu\/wp-content\/uploads\/2022\/07\/WhatsApp-Image-2022-07-20-at-19.46.24-1-225x300.jpeg\" alt=\"\" width=\"225\" height=\"300\" srcset=\"https:\/\/www.mennmost.eu\/wp-content\/uploads\/2022\/07\/WhatsApp-Image-2022-07-20-at-19.46.24-1-225x300.jpeg 225w, https:\/\/www.mennmost.eu\/wp-content\/uploads\/2022\/07\/WhatsApp-Image-2022-07-20-at-19.46.24-1-768x1024.jpeg 768w, https:\/\/www.mennmost.eu\/wp-content\/uploads\/2022\/07\/WhatsApp-Image-2022-07-20-at-19.46.24-1-1152x1536.jpeg 1152w, https:\/\/www.mennmost.eu\/wp-content\/uploads\/2022\/07\/WhatsApp-Image-2022-07-20-at-19.46.24-1-9x12.jpeg 9w, https:\/\/www.mennmost.eu\/wp-content\/uploads\/2022\/07\/WhatsApp-Image-2022-07-20-at-19.46.24-1-416x555.jpeg 416w, https:\/\/www.mennmost.eu\/wp-content\/uploads\/2022\/07\/WhatsApp-Image-2022-07-20-at-19.46.24-1-600x800.jpeg 600w, https:\/\/www.mennmost.eu\/wp-content\/uploads\/2022\/07\/WhatsApp-Image-2022-07-20-at-19.46.24-1.jpeg 1536w\" sizes=\"auto, (max-width: 225px) 100vw, 225px\" \/><\/h4>\n<h5>WIR SIND BEREIT<\/h5>\n<p>Fahrzeuge vorhanden<\/p>\n<p>Wir sind f\u00fcr jede Aufgabe qualifiziert, die Sie ben\u00f6tigen.<\/p>\n<\/div><\/div><\/div><\/div><div id=\"pg-171-2\"  class=\"panel-grid panel-no-style\" ><div id=\"pgc-171-2-0\"  class=\"panel-grid-cell panel-grid-cell-empty\" ><\/div><div id=\"pgc-171-2-1\"  class=\"panel-grid-cell panel-grid-cell-empty\" ><\/div><div id=\"pgc-171-2-2\"  class=\"panel-grid-cell panel-grid-cell-empty panel-grid-cell-mobile-last\" ><\/div><div id=\"pgc-171-2-3\"  class=\"panel-grid-cell panel-grid-cell-empty\" ><\/div><\/div><\/div>","protected":false},"excerpt":{"rendered":"<p>Years of experience &#8211; collected on various projects with different companies. Men n Most = Man and the Bridge related to the founder and Unesko protected world famous unique architectural work of art Old Bridge in Mostar city. This is how the name of the company came about with the aim of becoming as well &hellip;<\/p>","protected":false},"author":1,"featured_media":0,"parent":0,"menu_order":0,"comment_status":"closed","ping_status":"closed","template":"","meta":{"_acf_changed":false,"footnotes":""},"class_list":["post-171","page","type-page","status-publish","hentry"],"acf":[],"_links":{"self":[{"href":"https:\/\/www.mennmost.eu\/de\/wp-json\/wp\/v2\/pages\/171","targetHints":{"allow":["GET"]}}],"collection":[{"href":"https:\/\/www.mennmost.eu\/de\/wp-json\/wp\/v2\/pages"}],"about":[{"href":"https:\/\/www.mennmost.eu\/de\/wp-json\/wp\/v2\/types\/page"}],"author":[{"embeddable":true,"href":"https:\/\/www.mennmost.eu\/de\/wp-json\/wp\/v2\/users\/1"}],"replies":[{"embeddable":true,"href":"https:\/\/www.mennmost.eu\/de\/wp-json\/wp\/v2\/comments?post=171"}],"version-history":[{"count":12,"href":"https:\/\/www.mennmost.eu\/de\/wp-json\/wp\/v2\/pages\/171\/revisions"}],"predecessor-version":[{"id":3110,"href":"https:\/\/www.mennmost.eu\/de\/wp-json\/wp\/v2\/pages\/171\/revisions\/3110"}],"wp:attachment":[{"href":"https:\/\/www.mennmost.eu\/de\/wp-json\/wp\/v2\/media?parent=171"}],"curies":[{"name":"wp","href":"https:\/\/api.w.org\/{rel}","templated":true}]}}