{"id":84,"date":"2014-10-23T09:22:51","date_gmt":"2014-10-23T09:22:51","guid":{"rendered":"https:\/\/xml-io.proteusthemes.com\/buildpress\/?page_id=84"},"modified":"2022-07-23T06:38:49","modified_gmt":"2022-07-23T06:38:49","slug":"architect-and-structural-engineer-services","status":"publish","type":"page","link":"http:\/\/www.mennmost.eu\/de\/our-services\/architect-and-structural-engineer-services\/","title":{"rendered":"Dienstleistungen von Architekten und Bauingenieuren"},"content":{"rendered":"<div id=\"pl-84\"  class=\"panel-layout\" ><div id=\"pg-84-0\"  class=\"panel-grid panel-no-style\" ><div id=\"pgc-84-0-0\"  class=\"panel-grid-cell\" ><div id=\"panel-84-0-0-0\" class=\"so-panel widget widget_black-studio-tinymce widget_black_studio_tinymce panel-first-child panel-last-child\" data-index=\"0\" ><div class=\"textwidget\"><p><img loading=\"lazy\" decoding=\"async\" class=\"alignnone wp-image-2737 size-medium\" src=\"https:\/\/www.mennmost.eu\/wp-content\/uploads\/2022\/07\/WhatsApp-Image-2022-07-19-at-08.36.30-7-300x300.jpeg\" alt=\"\" width=\"300\" height=\"300\" srcset=\"https:\/\/www.mennmost.eu\/wp-content\/uploads\/2022\/07\/WhatsApp-Image-2022-07-19-at-08.36.30-7-300x300.jpeg 300w, https:\/\/www.mennmost.eu\/wp-content\/uploads\/2022\/07\/WhatsApp-Image-2022-07-19-at-08.36.30-7-1024x1020.jpeg 1024w, https:\/\/www.mennmost.eu\/wp-content\/uploads\/2022\/07\/WhatsApp-Image-2022-07-19-at-08.36.30-7-150x150.jpeg 150w, https:\/\/www.mennmost.eu\/wp-content\/uploads\/2022\/07\/WhatsApp-Image-2022-07-19-at-08.36.30-7-768x765.jpeg 768w, https:\/\/www.mennmost.eu\/wp-content\/uploads\/2022\/07\/WhatsApp-Image-2022-07-19-at-08.36.30-7-1536x1530.jpeg 1536w, https:\/\/www.mennmost.eu\/wp-content\/uploads\/2022\/07\/WhatsApp-Image-2022-07-19-at-08.36.30-7-555x553.jpeg 555w, https:\/\/www.mennmost.eu\/wp-content\/uploads\/2022\/07\/WhatsApp-Image-2022-07-19-at-08.36.30-7-600x598.jpeg 600w, https:\/\/www.mennmost.eu\/wp-content\/uploads\/2022\/07\/WhatsApp-Image-2022-07-19-at-08.36.30-7-100x100.jpeg 100w, https:\/\/www.mennmost.eu\/wp-content\/uploads\/2022\/07\/WhatsApp-Image-2022-07-19-at-08.36.30-7.jpeg 2048w\" sizes=\"auto, (max-width: 300px) 100vw, 300px\" \/><\/p>\n<p><img loading=\"lazy\" decoding=\"async\" class=\"alignnone wp-image-2748 size-medium\" src=\"https:\/\/www.mennmost.eu\/wp-content\/uploads\/2022\/07\/john-fornander-tVzyDSV84w8-unsplash-300x200.jpg\" alt=\"\" width=\"300\" height=\"200\" srcset=\"https:\/\/www.mennmost.eu\/wp-content\/uploads\/2022\/07\/john-fornander-tVzyDSV84w8-unsplash-300x200.jpg 300w, https:\/\/www.mennmost.eu\/wp-content\/uploads\/2022\/07\/john-fornander-tVzyDSV84w8-unsplash-1024x683.jpg 1024w, https:\/\/www.mennmost.eu\/wp-content\/uploads\/2022\/07\/john-fornander-tVzyDSV84w8-unsplash-768x512.jpg 768w, https:\/\/www.mennmost.eu\/wp-content\/uploads\/2022\/07\/john-fornander-tVzyDSV84w8-unsplash-1536x1025.jpg 1536w, https:\/\/www.mennmost.eu\/wp-content\/uploads\/2022\/07\/john-fornander-tVzyDSV84w8-unsplash-2048x1366.jpg 2048w, https:\/\/www.mennmost.eu\/wp-content\/uploads\/2022\/07\/john-fornander-tVzyDSV84w8-unsplash-555x370.jpg 555w, https:\/\/www.mennmost.eu\/wp-content\/uploads\/2022\/07\/john-fornander-tVzyDSV84w8-unsplash-600x400.jpg 600w\" sizes=\"auto, (max-width: 300px) 100vw, 300px\" \/><\/p>\n<\/div><\/div><\/div><div id=\"pgc-84-0-1\"  class=\"panel-grid-cell\" ><div id=\"panel-84-0-1-0\" class=\"so-panel widget widget_black-studio-tinymce widget_black_studio_tinymce panel-first-child panel-last-child\" data-index=\"1\" ><div class=\"textwidget\"><p>Mennmost bietet integrierte interne Tragwerksplanungsdienste, die unseren Design- und Lieferprozess verbessern. Unsere Statiker arbeiten mit unseren Architekten und Innenarchitekten zusammen, um vom ersten Tag an koh\u00e4rente, koordinierte Ergebnisse zu erzielen. Wir sind ein designorientiertes Ingenieurteam, das sch\u00f6ne und effiziente Strukturen schafft, die einfach funktionieren.<\/p>\n<p>Unser Portfolio umfasst alle Arten von Projekten, von H\u00e4usern bis hin zu gr\u00f6\u00dferen Geb\u00e4uden. Die Bedingungen, f\u00fcr die wir entwerfen, reichen von Projekten, die Hurrikanen mit hoher Geschwindigkeit standhalten m\u00fcssen, bis hin zu Projekten, die f\u00fcr starke seismische Ereignisse und sogar extreme Schneelasten im Norden ger\u00fcstet sein m\u00fcssen.<\/p>\n<p>Ebenso stellen wir sicher, dass unsere Statiker eng mit Kunden und Mitarbeitern zusammenarbeiten und \u00fcber Branchenthemen auf dem Laufenden bleiben, damit sie als Reaktion auf reale Herausforderungen und Einschr\u00e4nkungen innovativ sein k\u00f6nnen.<\/p>\n<p>Durch die Analyse fr\u00fcherer L\u00f6sungen und den Austausch von Erfahrungen und F\u00e4higkeiten verfeinern unsere Statiker ihre F\u00e4higkeit, stabile, langlebige, elegante und wirtschaftliche Geb\u00e4ude unter allen Bedingungen zu entwerfen. Sie generieren auch neue Ideen.<\/p>\n<p>Um mit den sich entwickelnden Herausforderungen von heute in Verbindung zu bleiben, sind unsere Statiker in der Katastrophenhilfe und internationalen Entwicklung, in Berufsverb\u00e4nden, in Forschung und Lehre sowie in der Beratung zu Designcodes aktiv.<\/p>\n<\/div><\/div><\/div><\/div><\/div>","protected":false},"excerpt":{"rendered":"<p>Mennmost bietet integrierte interne Tragwerksplanungsdienste, die unseren Design- und Lieferprozess verbessern.<\/p>","protected":false},"author":1,"featured_media":2809,"parent":49,"menu_order":0,"comment_status":"closed","ping_status":"open","template":"","meta":{"_acf_changed":false,"footnotes":""},"class_list":["post-84","page","type-page","status-publish","has-post-thumbnail","hentry"],"acf":[],"_links":{"self":[{"href":"http:\/\/www.mennmost.eu\/de\/wp-json\/wp\/v2\/pages\/84","targetHints":{"allow":["GET"]}}],"collection":[{"href":"http:\/\/www.mennmost.eu\/de\/wp-json\/wp\/v2\/pages"}],"about":[{"href":"http:\/\/www.mennmost.eu\/de\/wp-json\/wp\/v2\/types\/page"}],"author":[{"embeddable":true,"href":"http:\/\/www.mennmost.eu\/de\/wp-json\/wp\/v2\/users\/1"}],"replies":[{"embeddable":true,"href":"http:\/\/www.mennmost.eu\/de\/wp-json\/wp\/v2\/comments?post=84"}],"version-history":[{"count":4,"href":"http:\/\/www.mennmost.eu\/de\/wp-json\/wp\/v2\/pages\/84\/revisions"}],"predecessor-version":[{"id":2961,"href":"http:\/\/www.mennmost.eu\/de\/wp-json\/wp\/v2\/pages\/84\/revisions\/2961"}],"up":[{"embeddable":true,"href":"http:\/\/www.mennmost.eu\/de\/wp-json\/wp\/v2\/pages\/49"}],"wp:featuredmedia":[{"embeddable":true,"href":"http:\/\/www.mennmost.eu\/de\/wp-json\/wp\/v2\/media\/2809"}],"wp:attachment":[{"href":"http:\/\/www.mennmost.eu\/de\/wp-json\/wp\/v2\/media?parent=84"}],"curies":[{"name":"wp","href":"https:\/\/api.w.org\/{rel}","templated":true}]}}